{"id":42,"date":"2024-02-26T10:01:27","date_gmt":"2024-02-26T09:01:27","guid":{"rendered":"https:\/\/transonil.es\/wp\/?page_id=42"},"modified":"2024-06-13T17:12:55","modified_gmt":"2024-06-13T15:12:55","slug":"inicio","status":"publish","type":"page","link":"https:\/\/transonil.es\/wp\/","title":{"rendered":"Inicio"},"content":{"rendered":"\t\t<div data-elementor-type=\"wp-page\" data-elementor-id=\"42\" class=\"elementor elementor-42\">\n\t\t\t\t<div class=\"elementor-element elementor-element-11cfc62 e-flex e-con-boxed e-con e-parent\" data-id=\"11cfc62\" data-element_type=\"container\">\n\t\t\t\t\t<div class=\"e-con-inner\">\n\t\t\t\t\t<\/div>\n\t\t\t\t<\/div>\n\t\t<div class=\"elementor-element elementor-element-60b241a e-flex e-con-boxed e-con e-parent\" data-id=\"60b241a\" data-element_type=\"container\">\n\t\t\t\t\t<div class=\"e-con-inner\">\n\t\t\t\t<div class=\"elementor-element elementor-element-c996e55 e-transform elementor-invisible elementor-widget elementor-widget-text-editor\" data-id=\"c996e55\" data-element_type=\"widget\" data-settings=\"{&quot;_animation&quot;:&quot;fadeInDown&quot;,&quot;_animation_delay&quot;:0,&quot;_transform_rotateZ_effect&quot;:{&quot;unit&quot;:&quot;px&quot;,&quot;size&quot;:0,&quot;sizes&quot;:[]},&quot;_transform_rotateX_effect&quot;:{&quot;unit&quot;:&quot;px&quot;,&quot;size&quot;:0,&quot;sizes&quot;:[]},&quot;_transform_rotateY_effect&quot;:{&quot;unit&quot;:&quot;px&quot;,&quot;size&quot;:0,&quot;sizes&quot;:[]},&quot;_transform_perspective_effect&quot;:{&quot;unit&quot;:&quot;px&quot;,&quot;size&quot;:0,&quot;sizes&quot;:[]},&quot;_transform_rotateZ_effect_tablet&quot;:{&quot;unit&quot;:&quot;deg&quot;,&quot;size&quot;:&quot;&quot;,&quot;sizes&quot;:[]},&quot;_transform_rotateZ_effect_mobile&quot;:{&quot;unit&quot;:&quot;deg&quot;,&quot;size&quot;:&quot;&quot;,&quot;sizes&quot;:[]},&quot;_transform_rotateX_effect_tablet&quot;:{&quot;unit&quot;:&quot;deg&quot;,&quot;size&quot;:&quot;&quot;,&quot;sizes&quot;:[]},&quot;_transform_rotateX_effect_mobile&quot;:{&quot;unit&quot;:&quot;deg&quot;,&quot;size&quot;:&quot;&quot;,&quot;sizes&quot;:[]},&quot;_transform_rotateY_effect_tablet&quot;:{&quot;unit&quot;:&quot;deg&quot;,&quot;size&quot;:&quot;&quot;,&quot;sizes&quot;:[]},&quot;_transform_rotateY_effect_mobile&quot;:{&quot;unit&quot;:&quot;deg&quot;,&quot;size&quot;:&quot;&quot;,&quot;sizes&quot;:[]},&quot;_transform_perspective_effect_tablet&quot;:{&quot;unit&quot;:&quot;px&quot;,&quot;size&quot;:&quot;&quot;,&quot;sizes&quot;:[]},&quot;_transform_perspective_effect_mobile&quot;:{&quot;unit&quot;:&quot;px&quot;,&quot;size&quot;:&quot;&quot;,&quot;sizes&quot;:[]}}\" data-widget_type=\"text-editor.default\">\n\t\t\t\t<div class=\"elementor-widget-container\">\n\t\t\t\t\t\t\t<h1>\u00a0<\/h1><h1>\u00a0<\/h1><h1 style=\"text-align: center;\"><span style=\"color: #ff0000;\"><strong>ALMACENAJE &#8211; LOG\u00cdSTICA &#8211; PICKING<\/strong><\/span><\/h1><h3>\u00a0<\/h3><h3 style=\"text-align: center;\"><span style=\"color: #ff0000;\"><strong>DESCARGA DE CONTENEDORES<\/strong><\/span><\/h3><h3 style=\"text-align: center;\"><span style=\"color: #ff0000;\"><strong>ETIQUETADO DE PIEZAS<\/strong><\/span><\/h3><h3 style=\"text-align: center;\"><span style=\"color: #ff0000;\"><strong>ALMACENAJE DE PALETS POR DIAS<\/strong><\/span><\/h3>\t\t\t\t\t\t<\/div>\n\t\t\t\t<\/div>\n\t\t\t\t\t<\/div>\n\t\t\t\t<\/div>\n\t\t<div class=\"elementor-element elementor-element-b64a39f e-flex e-con-boxed e-con e-parent\" data-id=\"b64a39f\" data-element_type=\"container\">\n\t\t\t\t\t<div class=\"e-con-inner\">\n\t\t<div class=\"elementor-element elementor-element-131621e e-con-full e-flex e-con e-child\" data-id=\"131621e\" data-element_type=\"container\" data-settings=\"{&quot;background_background&quot;:&quot;classic&quot;}\">\n\t\t\t\t<div class=\"elementor-element elementor-element-7b36335 elementor-widget__width-initial elementor-invisible elementor-widget elementor-widget-image\" data-id=\"7b36335\" data-element_type=\"widget\" data-settings=\"{&quot;_animation&quot;:&quot;fadeInLeft&quot;}\" data-widget_type=\"image.default\">\n\t\t\t\t<div class=\"elementor-widget-container\">\n\t\t\t\t\t\t\t\t\t\t\t\t\t<img fetchpriority=\"high\" decoding=\"async\" width=\"663\" height=\"621\" src=\"https:\/\/transonil.es\/wp\/wp-content\/uploads\/2024\/05\/parking-camiones-5.jpeg\" class=\"attachment-large size-large wp-image-150\" alt=\"\" srcset=\"https:\/\/transonil.es\/wp\/wp-content\/uploads\/2024\/05\/parking-camiones-5.jpeg 663w, https:\/\/transonil.es\/wp\/wp-content\/uploads\/2024\/05\/parking-camiones-5-300x281.jpeg 300w\" sizes=\"(max-width: 663px) 100vw, 663px\" \/>\t\t\t\t\t\t\t\t\t\t\t\t\t<\/div>\n\t\t\t\t<\/div>\n\t\t\t\t<\/div>\n\t\t\t\t<div class=\"elementor-element elementor-element-abdf392 elementor-invisible elementor-widget elementor-widget-image\" data-id=\"abdf392\" data-element_type=\"widget\" data-settings=\"{&quot;_animation&quot;:&quot;fadeInRight&quot;}\" data-widget_type=\"image.default\">\n\t\t\t\t<div class=\"elementor-widget-container\">\n\t\t\t\t\t\t\t\t\t\t\t\t\t<img decoding=\"async\" width=\"600\" height=\"450\" src=\"https:\/\/transonil.es\/wp\/wp-content\/uploads\/2024\/02\/transonil-1.jpg\" class=\"attachment-large size-large wp-image-17\" alt=\"\" srcset=\"https:\/\/transonil.es\/wp\/wp-content\/uploads\/2024\/02\/transonil-1.jpg 600w, https:\/\/transonil.es\/wp\/wp-content\/uploads\/2024\/02\/transonil-1-300x225.jpg 300w\" sizes=\"(max-width: 600px) 100vw, 600px\" \/>\t\t\t\t\t\t\t\t\t\t\t\t\t<\/div>\n\t\t\t\t<\/div>\n\t\t\t\t\t<\/div>\n\t\t\t\t<\/div>\n\t\t<div class=\"elementor-element elementor-element-46edda2 e-flex e-con-boxed e-con e-parent\" data-id=\"46edda2\" data-element_type=\"container\" data-settings=\"{&quot;background_background&quot;:&quot;classic&quot;}\">\n\t\t\t\t\t<div class=\"e-con-inner\">\n\t\t<div class=\"elementor-element elementor-element-648f0c2 e-con-full e-flex elementor-invisible e-con e-child\" data-id=\"648f0c2\" data-element_type=\"container\" data-settings=\"{&quot;animation&quot;:&quot;zoomIn&quot;}\">\n\t\t\t\t<div class=\"elementor-element elementor-element-ef883fd elementor-invisible elementor-widget elementor-widget-text-editor\" data-id=\"ef883fd\" data-element_type=\"widget\" data-settings=\"{&quot;_animation&quot;:&quot;zoomIn&quot;}\" data-widget_type=\"text-editor.default\">\n\t\t\t\t<div class=\"elementor-widget-container\">\n\t\t\t\t\t\t\t<h5><span style=\"text-decoration: underline; color: #000000;\">NUESTRA HISTORIA<\/span><\/h5><h5><span style=\"color: #000000;\">Empezamos transportando b\u00e1sicamente juguetes y s\u00f3lo a la Espa\u00f1a peninsular. Desde entonces hemos sabido entender el momento, adapt\u00e1ndonos r\u00e1pidamente a las nuevas condiciones, logrando un buen posicionamiento frente a la competencia, generando un cambio de cultura empresarial, poniendo al d\u00eda las t\u00e9cnicas de gesti\u00f3n y potenciando la profesionalizaci\u00f3n de nuestros empleados.<\/span><\/h5>\t\t\t\t\t\t<\/div>\n\t\t\t\t<\/div>\n\t\t\t\t<\/div>\n\t\t<div class=\"elementor-element elementor-element-4a04cff e-con-full e-flex elementor-invisible e-con e-child\" data-id=\"4a04cff\" data-element_type=\"container\" data-settings=\"{&quot;animation&quot;:&quot;zoomInDown&quot;}\">\n\t\t\t\t<div class=\"elementor-element elementor-element-b5f00b8 elementor-invisible elementor-widget elementor-widget-text-editor\" data-id=\"b5f00b8\" data-element_type=\"widget\" data-settings=\"{&quot;_animation&quot;:&quot;zoomIn&quot;}\" data-widget_type=\"text-editor.default\">\n\t\t\t\t<div class=\"elementor-widget-container\">\n\t\t\t\t\t\t\t<h5><span style=\"color: #000000;\"><strong>A d\u00eda de hoy, transportamos todo tipo de productos a toda Europa.<\/strong><\/span><\/h5><p><span style=\"color: #000000;\"><strong><em>Paqueter\u00eda, paleteria, cargas completas.<\/em><\/strong><\/span><\/p><p><span style=\"color: #000000;\"><strong><em>Descarga de contenedores, almacenaje de mercanc\u00edas, etiquetado de piezas, preparaci\u00f3n de pedidos, transporte&#8230;<\/em><\/strong><\/span><\/p>\t\t\t\t\t\t<\/div>\n\t\t\t\t<\/div>\n\t\t\t\t<\/div>\n\t\t\t\t\t<\/div>\n\t\t\t\t<\/div>\n\t\t<div class=\"elementor-element elementor-element-e9ad51c e-flex e-con-boxed e-con e-parent\" data-id=\"e9ad51c\" data-element_type=\"container\">\n\t\t\t\t\t<div class=\"e-con-inner\">\n\t\t<div class=\"elementor-element elementor-element-3226b9d e-con-full e-flex elementor-invisible e-con e-child\" data-id=\"3226b9d\" data-element_type=\"container\" data-settings=\"{&quot;animation&quot;:&quot;zoomInUp&quot;}\">\n\t\t\t\t<div class=\"elementor-element elementor-element-c1ee8d9 elementor-widget__width-initial elementor-invisible elementor-widget elementor-widget-image\" data-id=\"c1ee8d9\" data-element_type=\"widget\" data-settings=\"{&quot;_animation&quot;:&quot;fadeInLeft&quot;}\" data-widget_type=\"image.default\">\n\t\t\t\t<div class=\"elementor-widget-container\">\n\t\t\t\t\t\t\t\t\t\t\t\t\t<img decoding=\"async\" width=\"1024\" height=\"568\" src=\"https:\/\/transonil.es\/wp\/wp-content\/uploads\/2024\/05\/WhatsApp-Image-2024-05-08-at-16.56.41-1024x568.jpeg\" class=\"attachment-large size-large wp-image-146\" alt=\"\" srcset=\"https:\/\/transonil.es\/wp\/wp-content\/uploads\/2024\/05\/WhatsApp-Image-2024-05-08-at-16.56.41-1024x568.jpeg 1024w, https:\/\/transonil.es\/wp\/wp-content\/uploads\/2024\/05\/WhatsApp-Image-2024-05-08-at-16.56.41-300x166.jpeg 300w, https:\/\/transonil.es\/wp\/wp-content\/uploads\/2024\/05\/WhatsApp-Image-2024-05-08-at-16.56.41-768x426.jpeg 768w, https:\/\/transonil.es\/wp\/wp-content\/uploads\/2024\/05\/WhatsApp-Image-2024-05-08-at-16.56.41-1536x852.jpeg 1536w, https:\/\/transonil.es\/wp\/wp-content\/uploads\/2024\/05\/WhatsApp-Image-2024-05-08-at-16.56.41.jpeg 1983w\" sizes=\"(max-width: 1024px) 100vw, 1024px\" \/>\t\t\t\t\t\t\t\t\t\t\t\t\t<\/div>\n\t\t\t\t<\/div>\n\t\t\t\t<\/div>\n\t\t<div class=\"elementor-element elementor-element-42f979e e-con-full e-flex elementor-invisible e-con e-child\" data-id=\"42f979e\" data-element_type=\"container\" data-settings=\"{&quot;animation&quot;:&quot;zoomIn&quot;}\">\n\t\t\t\t<div class=\"elementor-element elementor-element-b09f27d elementor-invisible elementor-widget elementor-widget-image\" data-id=\"b09f27d\" data-element_type=\"widget\" data-settings=\"{&quot;_animation&quot;:&quot;fadeInRight&quot;}\" data-widget_type=\"image.default\">\n\t\t\t\t<div class=\"elementor-widget-container\">\n\t\t\t\t\t\t\t\t\t\t\t\t\t<img loading=\"lazy\" decoding=\"async\" width=\"1024\" height=\"576\" src=\"https:\/\/transonil.es\/wp\/wp-content\/uploads\/2024\/06\/CONTENEDOR-1024x576.jpeg\" class=\"attachment-large size-large wp-image-265\" alt=\"\" srcset=\"https:\/\/transonil.es\/wp\/wp-content\/uploads\/2024\/06\/CONTENEDOR-1024x576.jpeg 1024w, https:\/\/transonil.es\/wp\/wp-content\/uploads\/2024\/06\/CONTENEDOR-300x169.jpeg 300w, https:\/\/transonil.es\/wp\/wp-content\/uploads\/2024\/06\/CONTENEDOR-768x432.jpeg 768w, https:\/\/transonil.es\/wp\/wp-content\/uploads\/2024\/06\/CONTENEDOR-1536x864.jpeg 1536w, https:\/\/transonil.es\/wp\/wp-content\/uploads\/2024\/06\/CONTENEDOR.jpeg 1600w\" sizes=\"(max-width: 1024px) 100vw, 1024px\" \/>\t\t\t\t\t\t\t\t\t\t\t\t\t<\/div>\n\t\t\t\t<\/div>\n\t\t\t\t<\/div>\n\t\t\t\t\t<\/div>\n\t\t\t\t<\/div>\n\t\t\t\t<\/div>\n\t\t","protected":false},"excerpt":{"rendered":"<p>\u00a0 \u00a0 ALMACENAJE &#8211; LOG\u00cdSTICA &#8211; PICKING \u00a0 DESCARGA DE CONTENEDORES ETIQUETADO DE PIEZAS ALMACENAJE DE PALETS POR DIAS NUESTRA [&hellip;]<\/p>\n","protected":false},"author":1,"featured_media":0,"parent":0,"menu_order":0,"comment_status":"closed","ping_status":"closed","template":"","meta":{"site-sidebar-layout":"default","site-content-layout":"","ast-site-content-layout":"default","site-content-style":"default","site-sidebar-style":"default","ast-global-header-display":"","ast-banner-title-visibility":"","ast-main-header-display":"","ast-hfb-above-header-display":"","ast-hfb-below-header-display":"","ast-hfb-mobile-header-display":"","site-post-title":"disabled","ast-breadcrumbs-content":"","ast-featured-img":"","footer-sml-layout":"","theme-transparent-header-meta":"default","adv-header-id-meta":"","stick-header-meta":"","header-above-stick-meta":"","header-main-stick-meta":"","header-below-stick-meta":"","astra-migrate-meta-layouts":"set","ast-page-background-enabled":"default","ast-page-background-meta":{"desktop":{"background-color":"var(--ast-global-color-4)","background-image":"","background-repeat":"repeat","background-position":"center center","background-size":"auto","background-attachment":"scroll","background-type":"","background-media":"","overlay-type":"","overlay-color":"","overlay-opacity":"","overlay-gradient":""},"tablet":{"background-color":"","background-image":"","background-repeat":"repeat","background-position":"center center","background-size":"auto","background-attachment":"scroll","background-type":"","background-media":"","overlay-type":"","overlay-color":"","overlay-opacity":"","overlay-gradient":""},"mobile":{"background-color":"","background-image":"","background-repeat":"repeat","background-position":"center center","background-size":"auto","background-attachment":"scroll","background-type":"","background-media":"","overlay-type":"","overlay-color":"","overlay-opacity":"","overlay-gradient":""}},"ast-content-background-meta":{"desktop":{"background-color":"var(--ast-global-color-5)","background-image":"","background-repeat":"repeat","background-position":"center center","background-size":"auto","background-attachment":"scroll","background-type":"","background-media":"","overlay-type":"","overlay-color":"","overlay-opacity":"","overlay-gradient":""},"tablet":{"background-color":"var(--ast-global-color-5)","background-image":"","background-repeat":"repeat","background-position":"center center","background-size":"auto","background-attachment":"scroll","background-type":"","background-media":"","overlay-type":"","overlay-color":"","overlay-opacity":"","overlay-gradient":""},"mobile":{"background-color":"var(--ast-global-color-5)","background-image":"","background-repeat":"repeat","background-position":"center center","background-size":"auto","background-attachment":"scroll","background-type":"","background-media":"","overlay-type":"","overlay-color":"","overlay-opacity":"","overlay-gradient":""}},"footnotes":""},"class_list":["post-42","page","type-page","status-publish","hentry"],"_links":{"self":[{"href":"https:\/\/transonil.es\/wp\/index.php?rest_route=\/wp\/v2\/pages\/42","targetHints":{"allow":["GET"]}}],"collection":[{"href":"https:\/\/transonil.es\/wp\/index.php?rest_route=\/wp\/v2\/pages"}],"about":[{"href":"https:\/\/transonil.es\/wp\/index.php?rest_route=\/wp\/v2\/types\/page"}],"author":[{"embeddable":true,"href":"https:\/\/transonil.es\/wp\/index.php?rest_route=\/wp\/v2\/users\/1"}],"replies":[{"embeddable":true,"href":"https:\/\/transonil.es\/wp\/index.php?rest_route=%2Fwp%2Fv2%2Fcomments&post=42"}],"version-history":[{"count":91,"href":"https:\/\/transonil.es\/wp\/index.php?rest_route=\/wp\/v2\/pages\/42\/revisions"}],"predecessor-version":[{"id":287,"href":"https:\/\/transonil.es\/wp\/index.php?rest_route=\/wp\/v2\/pages\/42\/revisions\/287"}],"wp:attachment":[{"href":"https:\/\/transonil.es\/wp\/index.php?rest_route=%2Fwp%2Fv2%2Fmedia&parent=42"}],"curies":[{"name":"wp","href":"https:\/\/api.w.org\/{rel}","templated":true}]}}