{"id":81,"date":"2024-04-12T12:51:23","date_gmt":"2024-04-12T10:51:23","guid":{"rendered":"https:\/\/transonil.es\/wp\/?page_id=81"},"modified":"2024-04-12T12:53:10","modified_gmt":"2024-04-12T10:53:10","slug":"aviso-legal-y-politica-de-privacidad","status":"publish","type":"page","link":"https:\/\/transonil.es\/wp\/?page_id=81","title":{"rendered":"Aviso Legal y Pol\u00edtica de Privacidad"},"content":{"rendered":"\t\t<div data-elementor-type=\"wp-page\" data-elementor-id=\"81\" class=\"elementor elementor-81\">\n\t\t\t\t<div class=\"elementor-element elementor-element-e43b093 e-flex e-con-boxed e-con e-parent\" data-id=\"e43b093\" data-element_type=\"container\">\n\t\t\t\t\t<div class=\"e-con-inner\">\n\t\t\t\t<div class=\"elementor-element elementor-element-8d2a586 elementor-widget elementor-widget-heading\" data-id=\"8d2a586\" data-element_type=\"widget\" data-widget_type=\"heading.default\">\n\t\t\t\t<div class=\"elementor-widget-container\">\n\t\t\t<h2 class=\"elementor-heading-title elementor-size-default\">Aviso Legal<\/h2>\t\t<\/div>\n\t\t\t\t<\/div>\n\t\t\t\t\t<\/div>\n\t\t\t\t<\/div>\n\t\t<div class=\"elementor-element elementor-element-dd1a02b e-flex e-con-boxed e-con e-parent\" data-id=\"dd1a02b\" data-element_type=\"container\">\n\t\t\t\t\t<div class=\"e-con-inner\">\n\t\t\t\t<div class=\"elementor-element elementor-element-e7e0abb elementor-widget elementor-widget-text-editor\" data-id=\"e7e0abb\" data-element_type=\"widget\" data-widget_type=\"text-editor.default\">\n\t\t\t\t<div class=\"elementor-widget-container\">\n\t\t\t\t\t\t\t<p>La p\u00e1gina web de RBP TRANSONIL tiene por objeto facilitar al p\u00fablico en general, las actividades que realiza y los servicios que presta.<br \/>RBP TRANSONIL se reserva la facultad de efectuar, en cualquier momento y sin previo aviso, modificaciones de la informaci\u00f3n contenida en su p\u00e1gina web o en la configuraci\u00f3n y presentaci\u00f3n de esta.<br \/>Al acceder a esta Web se acepta que RBP TRANSONIL no ser\u00e1 responsable de consecuencia alguna, da\u00f1o o perjuicio que se deriven de dicho acceso o uso de la informaci\u00f3n de dicha Web o por el acceso a otras materias en Internet a trav\u00e9s de las conexiones con esta p\u00e1gina web.<br \/>El Copyright del material contenido en esta Web es propiedad de RBP TRANSONIL. El acceso a \u00e9l no implica licencia para su reproducci\u00f3n y\/o distribuci\u00f3n y no est\u00e1 permitido hacerlo sin el previo consentimiento de RBP TRANSONIL Las eventuales referencias que se hagan en la Web de RBP TRANSONIL a cualquier producto, servicio, proceso, enlace, hipertexto o cualquier informaci\u00f3n utilizando la marca, el nombre comercial o el fabricante o suministrador, etc. que sean titularidad de terceros no constituye o implica respaldo, patrocinio o recomendaci\u00f3n por parte de RBP TRANSONIL<\/p>\t\t\t\t\t\t<\/div>\n\t\t\t\t<\/div>\n\t\t\t\t<div class=\"elementor-element elementor-element-680a159 elementor-widget elementor-widget-heading\" data-id=\"680a159\" data-element_type=\"widget\" data-widget_type=\"heading.default\">\n\t\t\t\t<div class=\"elementor-widget-container\">\n\t\t\t<h2 class=\"elementor-heading-title elementor-size-default\">Pol\u00edtica de Privacidad<\/h2>\t\t<\/div>\n\t\t\t\t<\/div>\n\t\t\t\t<div class=\"elementor-element elementor-element-5bdc7d5 elementor-widget elementor-widget-text-editor\" data-id=\"5bdc7d5\" data-element_type=\"widget\" data-widget_type=\"text-editor.default\">\n\t\t\t\t<div class=\"elementor-widget-container\">\n\t\t\t\t\t\t\t<p>La cumplimentaci\u00f3n de todos los datos personales facilitados en los cuestionarios de la p\u00e1gina web es totalmente voluntaria, pero necesaria para la fluidez y agilidad de la relaci\u00f3n con RBP TRANSONIL. Los datos se incluir\u00e1n en ficheros automatizados, que se destinaron al cumplimiento del objeto de RBP TRANSONIL y ser\u00e1n tratados de forma confidencial tanto por RBP TRANSONIL como por aquellas entidades que intervengan de acuerdo con la finalidad y objeto de la consulta.<br \/>Si el internauta no considera la inclusi\u00f3n de sus datos en estos ficheros o su posterior tratamiento inform\u00e1tico, la consulta no podr\u00e1 llevarse a efecto.<br \/>El internauta podr\u00e1 dirigirse a RBP TRANSONIL para solicitar la consulta, rectificaci\u00f3n o cancelaci\u00f3n de los datos facilitados.<br \/>El internauta podr\u00e1 autorizar, o no, de manera expresa a que los datos puedan ser conservados y utilizados por RBP TRANSONIL para ofrecer otros servicios y productos.<\/p>\t\t\t\t\t\t<\/div>\n\t\t\t\t<\/div>\n\t\t\t\t\t<\/div>\n\t\t\t\t<\/div>\n\t\t\t\t<\/div>\n\t\t","protected":false},"excerpt":{"rendered":"<p>Aviso Legal La p\u00e1gina web de RBP TRANSONIL tiene por objeto facilitar al p\u00fablico en general, las actividades que realiza [&hellip;]<\/p>\n","protected":false},"author":1,"featured_media":0,"parent":0,"menu_order":0,"comment_status":"closed","ping_status":"closed","template":"","meta":{"site-sidebar-layout":"no-sidebar","site-content-layout":"","ast-site-content-layout":"full-width-container","site-content-style":"default","site-sidebar-style":"default","ast-global-header-display":"","ast-banner-title-visibility":"","ast-main-header-display":"","ast-hfb-above-header-display":"","ast-hfb-below-header-display":"","ast-hfb-mobile-header-display":"","site-post-title":"disabled","ast-breadcrumbs-content":"","ast-featured-img":"disabled","footer-sml-layout":"","theme-transparent-header-meta":"","adv-header-id-meta":"","stick-header-meta":"","header-above-stick-meta":"","header-main-stick-meta":"","header-below-stick-meta":"","astra-migrate-meta-layouts":"default","ast-page-background-enabled":"default","ast-page-background-meta":{"desktop":{"background-color":"var(--ast-global-color-4)","background-image":"","background-repeat":"repeat","background-position":"center center","background-size":"auto","background-attachment":"scroll","background-type":"","background-media":"","overlay-type":"","overlay-color":"","overlay-opacity":"","overlay-gradient":""},"tablet":{"background-color":"","background-image":"","background-repeat":"repeat","background-position":"center center","background-size":"auto","background-attachment":"scroll","background-type":"","background-media":"","overlay-type":"","overlay-color":"","overlay-opacity":"","overlay-gradient":""},"mobile":{"background-color":"","background-image":"","background-repeat":"repeat","background-position":"center center","background-size":"auto","background-attachment":"scroll","background-type":"","background-media":"","overlay-type":"","overlay-color":"","overlay-opacity":"","overlay-gradient":""}},"ast-content-background-meta":{"desktop":{"background-color":"var(--ast-global-color-5)","background-image":"","background-repeat":"repeat","background-position":"center center","background-size":"auto","background-attachment":"scroll","background-type":"","background-media":"","overlay-type":"","overlay-color":"","overlay-opacity":"","overlay-gradient":""},"tablet":{"background-color":"var(--ast-global-color-5)","background-image":"","background-repeat":"repeat","background-position":"center center","background-size":"auto","background-attachment":"scroll","background-type":"","background-media":"","overlay-type":"","overlay-color":"","overlay-opacity":"","overlay-gradient":""},"mobile":{"background-color":"var(--ast-global-color-5)","background-image":"","background-repeat":"repeat","background-position":"center center","background-size":"auto","background-attachment":"scroll","background-type":"","background-media":"","overlay-type":"","overlay-color":"","overlay-opacity":"","overlay-gradient":""}},"footnotes":""},"class_list":["post-81","page","type-page","status-publish","hentry"],"_links":{"self":[{"href":"https:\/\/transonil.es\/wp\/index.php?rest_route=\/wp\/v2\/pages\/81","targetHints":{"allow":["GET"]}}],"collection":[{"href":"https:\/\/transonil.es\/wp\/index.php?rest_route=\/wp\/v2\/pages"}],"about":[{"href":"https:\/\/transonil.es\/wp\/index.php?rest_route=\/wp\/v2\/types\/page"}],"author":[{"embeddable":true,"href":"https:\/\/transonil.es\/wp\/index.php?rest_route=\/wp\/v2\/users\/1"}],"replies":[{"embeddable":true,"href":"https:\/\/transonil.es\/wp\/index.php?rest_route=%2Fwp%2Fv2%2Fcomments&post=81"}],"version-history":[{"count":4,"href":"https:\/\/transonil.es\/wp\/index.php?rest_route=\/wp\/v2\/pages\/81\/revisions"}],"predecessor-version":[{"id":85,"href":"https:\/\/transonil.es\/wp\/index.php?rest_route=\/wp\/v2\/pages\/81\/revisions\/85"}],"wp:attachment":[{"href":"https:\/\/transonil.es\/wp\/index.php?rest_route=%2Fwp%2Fv2%2Fmedia&parent=81"}],"curies":[{"name":"wp","href":"https:\/\/api.w.org\/{rel}","templated":true}]}}